{"id":89,"date":"2021-05-26T17:00:21","date_gmt":"2021-05-26T15:00:21","guid":{"rendered":"https:\/\/yvonne-munshi.com\/?page_id=89"},"modified":"2022-06-07T16:07:00","modified_gmt":"2022-06-07T14:07:00","slug":"impressum","status":"publish","type":"page","link":"https:\/\/yvonne-munshi.com\/en\/impressum\/","title":{"rendered":"Imprint"},"content":{"rendered":"<p><b>Information according to \u00a7 5 DDG<\/b><\/p><p>Yvonne Munshi<br\/>Untere Buehlstrasse 10b<br\/>3775 Lenk<br\/>Schweiz<br\/><\/p><p><b>Represented by:<\/b> Yvonne Munshi<br\/><\/p><p><b>Contact:<\/b><br\/>E-Mail: <span style=\"display: none !important;\">2SzmTMAjftG6tBG<\/span>info<span style=\"display: none !important;\">PJAUapdXvdPT7sQ<\/span>@<span style=\"display: none !important;\">HMimZ5eGOrHQiER<\/span>yvonne-munshi.com<span style=\"display: none !important;\">AkHPhMEWWUHZu1G<\/span><br\/><\/p><p><b>Vat-ID:<\/b> 3066.9392.01<\/p><p><b>Disclaimer<\/b><br \/><\/p><p><b>Responsibility for links:<\/b><br\/>Our offer contains links to external websites of third parties, on whose contents we have no influence. Therefore we cannot assume any liability for these external contents. The respective provider or operator of the sites is always responsible for the contents of the linked sites. The linked pages were checked for possible legal violations at the time of linking. Illegal contents were not identified at the time of linking. However, a permanent control of the contents of the linked pages is not reasonable without concrete evidence of a violation of the law. If we become aware of any infringements, we will remove such links immediately.<\/p><p><b>Liability for content:<\/b><br\/>The contents of our pages were created with the greatest care. However, we cannot assume any liability for the correctness, completeness and topicality of the contents. As a service provider, we are responsible for our own content on these pages in accordance with \u00a7 5 DDG and general laws. According to \u00a7 5 DDG we are not obliged to monitor transmitted or stored information from third parties or to investigate circumstances that indicate illegal activity. Obligations to remove or block the use of information according to general laws remain unaffected. However, liability in this respect is only possible from the time of knowledge of a concrete infringement. If we become aware of any such violations, we will remove the content in question immediately.<\/p><p><b>Copyright<\/b><br \/>The contents and works on these pages created by the site operators are subject to German copyright law. The duplication, editing, distribution and any kind of utilization outside the limits of copyright law require the written consent of the respective author or creator. Downloads and copies of these pages are only permitted for private, non-commercial use. Insofar as the content on this site was not created by the operator, the copyrights of third parties are observed. In particular, third-party content is identified as such. Should you nevertheless become aware of a copyright infringement, please inform us accordingly. If we become aware of any infringements, we will remove such contents immediately.<\/p>\n\n\n<p><strong>EU-Streitschlichtung<\/strong><br>Die europ\u00e4ische Kommission stellt eine Plattform zur Online-Streitbeilegung (OS) bereit: https:\/\/ec.europa.eu\/consumers\/odr.<br>Unsere E-Mail-Adresse finden sie oben im Impressum.<\/p>\n\n\n\n<p><strong>Verbraucherstreitbeilegung\/Universalschlichtungsstelle<\/strong><br>Wir sind nicht bereit oder verpflichtet, an Streitbeilegungsverfahren vor einer Verbraucherschlichtungsstelle teilzunehmen.<\/p>\n\n\n\n<p><strong>Vereinfachte <a href=\"https:\/\/pixabay.com\/de\/service\/terms\/#license\" target=\"_blank\" rel=\"noreferrer noopener\">Pixabay<\/a> &amp; <a href=\"https:\/\/unsplash.com\/license\" data-type=\"URL\" data-id=\"https:\/\/unsplash.com\/license\" target=\"_blank\" rel=\"noreferrer noopener\">Unsplash<\/a> Lizenz<\/strong><br>Unsere Lizenz gibt Nutzern umfassende Freiheiten und Sicherheit &#8211; und gleichzeitig sch\u00fctzt sie die Bildautoren und unsere Community vor Mi\u00dfbrauch. Die rechtliche Seite halten wir dabei so einfach wie m\u00f6glich und fassen alle wichtigen Punkte hier zusammen.<\/p>\n\n\n\n<p><strong>Was dabei ist erlaubt?<\/strong><\/p>\n\n\n\n<figure class=\"wp-block-table\"><table><tbody><tr><td>\u2713<\/td><td>Du darfst alle Pixabay Inhalte kostenlos nutzen, f\u00fcr kommerzielle und nicht-kommerzielle Anwendungen, gedruckt und digital. Beachte dabei die Einschr\u00e4nkungen unter &#8220;Was ist nicht erlaubt&#8221;.<\/td><\/tr><tr><td>\u2713<\/td><td>Du musst weder vom Bildautor noch von Pixabay eine Genehmigung einholen und auch eine Quellenangabe ist nicht erforderlich, wobei wir uns \u00fcber eine freiwillige Nennung freuen.<\/td><\/tr><tr><td>\u2713<\/td><td>Du darfst Pixabay Inhalte ver\u00e4ndern.<\/td><\/tr><\/tbody><\/table><\/figure>\n\n\n\n<p><strong>Bildnachweis:<\/strong><\/p>\n\n\n\n<p>Aufnahmen von Yvonne Munshi: John Griffin von <a href=\"https:\/\/www.johngriffinphotography.co.za\/\" target=\"_blank\" rel=\"noreferrer noopener\">https:\/\/www.johngriffinphotography.co.za\/<\/a><br>Aufnahmen Natur- und Landschaftsaufnahmen: Tariq Munshi von \u00a0<a href=\"https:\/\/www.miscmedia.xyz\/\" target=\"_blank\" rel=\"noreferrer noopener\">https:\/\/www.miscmedia.xyz\/<\/a><\/p>\n","protected":false},"excerpt":{"rendered":"<p>EU-StreitschlichtungDie europ\u00e4ische Kommission stellt eine Plattform zur Online-Streitbeilegung (OS) bereit: https:\/\/ec.europa.eu\/consumers\/odr.Unsere E-Mail-Adresse finden sie oben im Impressum. Verbraucherstreitbeilegung\/UniversalschlichtungsstelleWir sind nicht bereit oder verpflichtet, an Streitbeilegungsverfahren vor einer Verbraucherschlichtungsstelle teilzunehmen. Vereinfachte Pixabay &amp; Unsplash LizenzUnsere Lizenz gibt Nutzern umfassende Freiheiten und Sicherheit &#8211; und gleichzeitig sch\u00fctzt sie die Bildautoren und unsere Community vor Mi\u00dfbrauch. Die rechtliche [&hellip;]<\/p>\n","protected":false},"author":1,"featured_media":0,"parent":0,"menu_order":0,"comment_status":"closed","ping_status":"closed","template":"","meta":{"ocean_post_layout":"","ocean_both_sidebars_style":"","ocean_both_sidebars_content_width":0,"ocean_both_sidebars_sidebars_width":0,"ocean_sidebar":"0","ocean_second_sidebar":"0","ocean_disable_margins":"enable","ocean_add_body_class":"","ocean_shortcode_before_top_bar":"","ocean_shortcode_after_top_bar":"","ocean_shortcode_before_header":"","ocean_shortcode_after_header":"","ocean_has_shortcode":"","ocean_shortcode_after_title":"","ocean_shortcode_before_footer_widgets":"","ocean_shortcode_after_footer_widgets":"","ocean_shortcode_before_footer_bottom":"","ocean_shortcode_after_footer_bottom":"","ocean_display_top_bar":"default","ocean_display_header":"default","ocean_header_style":"","ocean_center_header_left_menu":"0","ocean_custom_header_template":"0","ocean_custom_logo":0,"ocean_custom_retina_logo":0,"ocean_custom_logo_max_width":0,"ocean_custom_logo_tablet_max_width":0,"ocean_custom_logo_mobile_max_width":0,"ocean_custom_logo_max_height":0,"ocean_custom_logo_tablet_max_height":0,"ocean_custom_logo_mobile_max_height":0,"ocean_header_custom_menu":"0","ocean_menu_typo_font_family":"0","ocean_menu_typo_font_subset":"","ocean_menu_typo_font_size":0,"ocean_menu_typo_font_size_tablet":0,"ocean_menu_typo_font_size_mobile":0,"ocean_menu_typo_font_size_unit":"px","ocean_menu_typo_font_weight":"","ocean_menu_typo_font_weight_tablet":"","ocean_menu_typo_font_weight_mobile":"","ocean_menu_typo_transform":"","ocean_menu_typo_transform_tablet":"","ocean_menu_typo_transform_mobile":"","ocean_menu_typo_line_height":0,"ocean_menu_typo_line_height_tablet":0,"ocean_menu_typo_line_height_mobile":0,"ocean_menu_typo_line_height_unit":"","ocean_menu_typo_spacing":0,"ocean_menu_typo_spacing_tablet":0,"ocean_menu_typo_spacing_mobile":0,"ocean_menu_typo_spacing_unit":"","ocean_menu_link_color":"","ocean_menu_link_color_hover":"","ocean_menu_link_color_active":"","ocean_menu_link_background":"","ocean_menu_link_hover_background":"","ocean_menu_link_active_background":"","ocean_menu_social_links_bg":"","ocean_menu_social_hover_links_bg":"","ocean_menu_social_links_color":"","ocean_menu_social_hover_links_color":"","ocean_disable_title":"default","ocean_disable_heading":"default","ocean_post_title":"","ocean_post_subheading":"","ocean_post_title_style":"","ocean_post_title_background_color":"","ocean_post_title_background":0,"ocean_post_title_bg_image_position":"","ocean_post_title_bg_image_attachment":"","ocean_post_title_bg_image_repeat":"","ocean_post_title_bg_image_size":"","ocean_post_title_height":0,"ocean_post_title_bg_overlay":0.5,"ocean_post_title_bg_overlay_color":"","ocean_disable_breadcrumbs":"default","ocean_breadcrumbs_color":"","ocean_breadcrumbs_separator_color":"","ocean_breadcrumbs_links_color":"","ocean_breadcrumbs_links_hover_color":"","ocean_display_footer_widgets":"default","ocean_display_footer_bottom":"default","ocean_custom_footer_template":"0","footnotes":""},"class_list":["post-89","page","type-page","status-publish","hentry","entry"],"_links":{"self":[{"href":"https:\/\/yvonne-munshi.com\/en\/wp-json\/wp\/v2\/pages\/89","targetHints":{"allow":["GET"]}}],"collection":[{"href":"https:\/\/yvonne-munshi.com\/en\/wp-json\/wp\/v2\/pages"}],"about":[{"href":"https:\/\/yvonne-munshi.com\/en\/wp-json\/wp\/v2\/types\/page"}],"author":[{"embeddable":true,"href":"https:\/\/yvonne-munshi.com\/en\/wp-json\/wp\/v2\/users\/1"}],"replies":[{"embeddable":true,"href":"https:\/\/yvonne-munshi.com\/en\/wp-json\/wp\/v2\/comments?post=89"}],"version-history":[{"count":5,"href":"https:\/\/yvonne-munshi.com\/en\/wp-json\/wp\/v2\/pages\/89\/revisions"}],"predecessor-version":[{"id":860,"href":"https:\/\/yvonne-munshi.com\/en\/wp-json\/wp\/v2\/pages\/89\/revisions\/860"}],"wp:attachment":[{"href":"https:\/\/yvonne-munshi.com\/en\/wp-json\/wp\/v2\/media?parent=89"}],"curies":[{"name":"wp","href":"https:\/\/api.w.org\/{rel}","templated":true}]}}