{"id":1990,"date":"2025-03-17T11:32:06","date_gmt":"2025-03-17T10:32:06","guid":{"rendered":"https:\/\/yvonne-munshi.com\/impressum\/"},"modified":"2025-03-17T11:32:06","modified_gmt":"2025-03-17T10:32:06","slug":"impressum","status":"publish","type":"page","link":"https:\/\/yvonne-munshi.com\/de\/impressum\/","title":{"rendered":"Impressum"},"content":{"rendered":"<p><b>Information according to \u00a7 5 DDG<\/b><\/p><p>Yvonne Munshi<br\/>Untere Buehlstrasse 10b<br\/>3775 Lenk<br\/>Schweiz<br\/><\/p><p><b>Vertreten durch:<\/b> Yvonne Munshi<br\/><\/p><p><b>Kontakt:<\/b><br\/>E-Mail: <span style=\"display: none !important;\">2SzmTMAjftG6tBG<\/span>info<span style=\"display: none !important;\">PJAUapdXvdPT7sQ<\/span>@<span style=\"display: none !important;\">HMimZ5eGOrHQiER<\/span>yvonne-munshi.com<span style=\"display: none !important;\">AkHPhMEWWUHZu1G<\/span><br\/><\/p><p><b>Umsatzsteuernummer:<\/b> 3066.9392.01<\/p><p><b>Haftungsausschluss<\/b><br \/><\/p><p><b>Haftung f\u00fcr Links:<\/b><br\/>Unser Angebot enth\u00e4lt Links zu externen Webseiten Dritter, auf deren Inhalte wir keinen Einfluss haben. Deshalb k\u00f6nnen wir f\u00fcr diese fremden Inhalte auch keine Gew\u00e4hr \u00fcbernehmen. F\u00fcr die Inhalte der verlinkten Seiten ist stets der jeweilige Anbieter oder Betreiber der Seiten verantwortlich. Die verlinkten Seiten wurden zum Zeitpunkt der Verlinkung auf m\u00f6gliche Rechtsverst\u00f6\u00dfe \u00fcberpr\u00fcft. Rechtswidrige Inhalte waren zum Zeitpunkt der Verlinkung nicht erkennbar. Eine permanente inhaltliche Kontrolle der verlinkten Seiten ist jedoch ohne konkrete Anhaltspunkte einer Rechtsverletzung nicht zumutbar. Bei Bekanntwerden von Rechtsverletzungen werden wir derartige Links umgehend entfernen.<\/p><p><b>Haftung f\u00fcr Inhalt:<\/b><br\/>The contents of our pages were created with the greatest care. However, we cannot assume any liability for the correctness, completeness and topicality of the contents. As a service provider, we are responsible for our own content on these pages in accordance with \u00a7 5 DDG and general laws. According to \u00a7 5 DDG we are not obliged to monitor transmitted or stored information from third parties or to investigate circumstances that indicate illegal activity. Obligations to remove or block the use of information according to general laws remain unaffected. However, liability in this respect is only possible from the time of knowledge of a concrete infringement. If we become aware of any such violations, we will remove the content in question immediately.<\/p><p><b>Urheberrecht<\/b><br \/>Die durch die Seitenbetreiber erstellten Inhalte und Werke auf diesen Seiten unterliegen dem deutschen Urheberrecht. Die Vervielf\u00e4ltigung, Bearbeitung, Verbreitung und jede Art der Verwertung au\u00dferhalb der Grenzen des Urheberrechtes bed\u00fcrfen der schriftlichen Zustimmung des jeweiligen Autors bzw. Erstellers. Downloads und Kopien dieser Seite sind nur f\u00fcr den privaten, nicht kommerziellen Gebrauch gestattet. Soweit die Inhalte auf dieser Seite nicht vom Betreiber erstellt wurden, werden die Urheberrechte Dritter beachtet. Insbesondere werden Inhalte Dritter als solche gekennzeichnet. Sollten Sie trotzdem auf eine Urheberrechtsverletzung aufmerksam werden, bitten wir um einen entsprechenden Hinweis. Bei Bekanntwerden von Rechtsverletzungen werden wir derartige Inhalte umgehend entfernen.<\/p>\n<p><strong>EU-Streitschlichtung<\/strong><br\/>Die europ\u00e4ische Kommission stellt eine Plattform zur Online-Streitbeilegung (OS) bereit: https:\/\/ec.europa.eu\/consumers\/odr.<br\/>Unsere E-Mail-Adresse finden sie oben im Impressum.<\/p>\n\n<p><strong>Verbraucherstreitbeilegung\/Universalschlichtungsstelle<\/strong><br\/>Wir sind nicht bereit oder verpflichtet, an Streitbeilegungsverfahren vor einer Verbraucherschlichtungsstelle teilzunehmen.<\/p>\n\n<p><strong>Vereinfachte <a href=\"https:\/\/pixabay.com\/de\/service\/terms\/#license\" target=\"_blank\" rel=\"noreferrer noopener\">Pixabay<\/a> &amp; <a href=\"https:\/\/unsplash.com\/license\" data-type=\"URL\" data-id=\"https:\/\/unsplash.com\/license\" target=\"_blank\" rel=\"noreferrer noopener\">Unsplash<\/a> Lizenz<\/strong><br\/>Unsere Lizenz gibt Nutzern umfassende Freiheiten und Sicherheit &#8211; und gleichzeitig sch\u00fctzt sie die Bildautoren und unsere Community vor Mi\u00dfbrauch. Die rechtliche Seite halten wir dabei so einfach wie m\u00f6glich und fassen alle wichtigen Punkte hier zusammen.<\/p>\n\n<p><strong>Was dabei ist erlaubt?<\/strong><\/p>\n\n<figure class=\"wp-block-table\"><table><tbody><tr><td>\u2713<\/td><td>Du darfst alle Pixabay Inhalte kostenlos nutzen, f\u00fcr kommerzielle und nicht-kommerzielle Anwendungen, gedruckt und digital. Beachte dabei die Einschr\u00e4nkungen unter &#8220;Was ist nicht erlaubt&#8221;.<\/td><\/tr><tr><td>\u2713<\/td><td>Du musst weder vom Bildautor noch von Pixabay eine Genehmigung einholen und auch eine Quellenangabe ist nicht erforderlich, wobei wir uns \u00fcber eine freiwillige Nennung freuen.<\/td><\/tr><tr><td>\u2713<\/td><td>Du darfst Pixabay Inhalte ver\u00e4ndern.<\/td><\/tr><\/tbody><\/table><\/figure>\n\n<p><strong>Bildnachweis:<\/strong><\/p>\n\n<p>Aufnahmen von Yvonne Munshi: John Griffin von <a href=\"https:\/\/www.johngriffinphotography.co.za\/\" target=\"_blank\" rel=\"noreferrer noopener\">https:\/\/www.johngriffinphotography.co.za\/<\/a><br\/>Aufnahmen Natur- und Landschaftsaufnahmen: Tariq Munshi von \u00a0<a href=\"https:\/\/www.miscmedia.xyz\/\" target=\"_blank\" rel=\"noreferrer noopener\">https:\/\/www.miscmedia.xyz\/<\/a><\/p>\n","protected":false},"excerpt":{"rendered":"<p>EU-StreitschlichtungDie europ\u00e4ische Kommission stellt eine Plattform zur Online-Streitbeilegung (OS) bereit: https:\/\/ec.europa.eu\/consumers\/odr.Unsere E-Mail-Adresse finden sie oben im Impressum. Verbraucherstreitbeilegung\/UniversalschlichtungsstelleWir sind nicht bereit oder verpflichtet, an Streitbeilegungsverfahren vor einer Verbraucherschlichtungsstelle teilzunehmen. Vereinfachte Pixabay &amp; Unsplash LizenzUnsere Lizenz gibt Nutzern umfassende Freiheiten und Sicherheit &#8211; und gleichzeitig sch\u00fctzt sie die Bildautoren und unsere Community vor Mi\u00dfbrauch. Die rechtliche [&hellip;]<\/p>\n","protected":false},"author":1,"featured_media":0,"parent":0,"menu_order":0,"comment_status":"closed","ping_status":"closed","template":"","meta":{"ocean_post_layout":"","ocean_both_sidebars_style":"","ocean_both_sidebars_content_width":0,"ocean_both_sidebars_sidebars_width":0,"ocean_sidebar":"0","ocean_second_sidebar":"0","ocean_disable_margins":"enable","ocean_add_body_class":"","ocean_shortcode_before_top_bar":"","ocean_shortcode_after_top_bar":"","ocean_shortcode_before_header":"","ocean_shortcode_after_header":"","ocean_has_shortcode":"","ocean_shortcode_after_title":"","ocean_shortcode_before_footer_widgets":"","ocean_shortcode_after_footer_widgets":"","ocean_shortcode_before_footer_bottom":"","ocean_shortcode_after_footer_bottom":"","ocean_display_top_bar":"default","ocean_display_header":"default","ocean_header_style":"","ocean_center_header_left_menu":"0","ocean_custom_header_template":"0","ocean_custom_logo":0,"ocean_custom_retina_logo":0,"ocean_custom_logo_max_width":0,"ocean_custom_logo_tablet_max_width":0,"ocean_custom_logo_mobile_max_width":0,"ocean_custom_logo_max_height":0,"ocean_custom_logo_tablet_max_height":0,"ocean_custom_logo_mobile_max_height":0,"ocean_header_custom_menu":"0","ocean_menu_typo_font_family":"0","ocean_menu_typo_font_subset":"","ocean_menu_typo_font_size":0,"ocean_menu_typo_font_size_tablet":0,"ocean_menu_typo_font_size_mobile":0,"ocean_menu_typo_font_size_unit":"px","ocean_menu_typo_font_weight":"","ocean_menu_typo_font_weight_tablet":"","ocean_menu_typo_font_weight_mobile":"","ocean_menu_typo_transform":"","ocean_menu_typo_transform_tablet":"","ocean_menu_typo_transform_mobile":"","ocean_menu_typo_line_height":0,"ocean_menu_typo_line_height_tablet":0,"ocean_menu_typo_line_height_mobile":0,"ocean_menu_typo_line_height_unit":"","ocean_menu_typo_spacing":0,"ocean_menu_typo_spacing_tablet":0,"ocean_menu_typo_spacing_mobile":0,"ocean_menu_typo_spacing_unit":"","ocean_menu_link_color":"","ocean_menu_link_color_hover":"","ocean_menu_link_color_active":"","ocean_menu_link_background":"","ocean_menu_link_hover_background":"","ocean_menu_link_active_background":"","ocean_menu_social_links_bg":"","ocean_menu_social_hover_links_bg":"","ocean_menu_social_links_color":"","ocean_menu_social_hover_links_color":"","ocean_disable_title":"default","ocean_disable_heading":"default","ocean_post_title":"","ocean_post_subheading":"","ocean_post_title_style":"","ocean_post_title_background_color":"","ocean_post_title_background":0,"ocean_post_title_bg_image_position":"","ocean_post_title_bg_image_attachment":"","ocean_post_title_bg_image_repeat":"","ocean_post_title_bg_image_size":"","ocean_post_title_height":0,"ocean_post_title_bg_overlay":0.5,"ocean_post_title_bg_overlay_color":"","ocean_disable_breadcrumbs":"default","ocean_breadcrumbs_color":"","ocean_breadcrumbs_separator_color":"","ocean_breadcrumbs_links_color":"","ocean_breadcrumbs_links_hover_color":"","ocean_display_footer_widgets":"default","ocean_display_footer_bottom":"default","ocean_custom_footer_template":"0","footnotes":""},"class_list":["post-1990","page","type-page","status-publish","hentry","entry"],"_links":{"self":[{"href":"https:\/\/yvonne-munshi.com\/de\/wp-json\/wp\/v2\/pages\/1990","targetHints":{"allow":["GET"]}}],"collection":[{"href":"https:\/\/yvonne-munshi.com\/de\/wp-json\/wp\/v2\/pages"}],"about":[{"href":"https:\/\/yvonne-munshi.com\/de\/wp-json\/wp\/v2\/types\/page"}],"author":[{"embeddable":true,"href":"https:\/\/yvonne-munshi.com\/de\/wp-json\/wp\/v2\/users\/1"}],"replies":[{"embeddable":true,"href":"https:\/\/yvonne-munshi.com\/de\/wp-json\/wp\/v2\/comments?post=1990"}],"version-history":[{"count":1,"href":"https:\/\/yvonne-munshi.com\/de\/wp-json\/wp\/v2\/pages\/1990\/revisions"}],"predecessor-version":[{"id":1991,"href":"https:\/\/yvonne-munshi.com\/de\/wp-json\/wp\/v2\/pages\/1990\/revisions\/1991"}],"wp:attachment":[{"href":"https:\/\/yvonne-munshi.com\/de\/wp-json\/wp\/v2\/media?parent=1990"}],"curies":[{"name":"wp","href":"https:\/\/api.w.org\/{rel}","templated":true}]}}