{"id":1814,"date":"2022-11-13T18:13:16","date_gmt":"2022-11-13T17:13:16","guid":{"rendered":"https:\/\/yvonne-munshi.com\/?page_id=1814"},"modified":"2022-11-17T16:18:32","modified_gmt":"2022-11-17T15:18:32","slug":"blog-auf-deutsch","status":"publish","type":"page","link":"https:\/\/yvonne-munshi.com\/de\/blog-auf-deutsch\/","title":{"rendered":"Blog auf Deutsch"},"content":{"rendered":"\t\t<div data-elementor-type=\"wp-page\" data-elementor-id=\"1814\" class=\"elementor elementor-1814 elementor-742\" data-elementor-post-type=\"page\">\n\t\t\t\t\t\t<section class=\"elementor-section elementor-top-section elementor-element elementor-element-9602a32 elementor-section-stretched elementor-section-boxed elementor-section-height-default elementor-section-height-default\" data-id=\"9602a32\" data-element_type=\"section\" data-e-type=\"section\" data-settings=\"{&quot;stretch_section&quot;:&quot;section-stretched&quot;,&quot;background_background&quot;:&quot;classic&quot;}\">\n\t\t\t\t\t\t\t<div class=\"elementor-background-overlay\"><\/div>\n\t\t\t\t\t\t\t<div class=\"elementor-container elementor-column-gap-default\">\n\t\t\t\t\t<div class=\"elementor-column elementor-col-100 elementor-top-column elementor-element elementor-element-3b2da58 elementor-invisible\" data-id=\"3b2da58\" data-element_type=\"column\" data-e-type=\"column\" data-settings=\"{&quot;animation&quot;:&quot;fadeInUp&quot;}\">\n\t\t\t<div class=\"elementor-widget-wrap elementor-element-populated\">\n\t\t\t\t\t\t<div class=\"elementor-element elementor-element-f497373 elementor-widget elementor-widget-heading\" data-id=\"f497373\" data-element_type=\"widget\" data-e-type=\"widget\" id=\"test\" data-widget_type=\"heading.default\">\n\t\t\t\t<div class=\"elementor-widget-container\">\n\t\t\t\t\t<h1 class=\"elementor-heading-title elementor-size-default\">The Wolf-Power Blog<\/h1>\t\t\t\t<\/div>\n\t\t\t\t<\/div>\n\t\t\t\t<div class=\"elementor-element elementor-element-46d96c6a elementor-widget-divider--view-line elementor-widget elementor-widget-divider\" data-id=\"46d96c6a\" data-element_type=\"widget\" data-e-type=\"widget\" data-widget_type=\"divider.default\">\n\t\t\t\t<div class=\"elementor-widget-container\">\n\t\t\t\t\t\t\t<div class=\"elementor-divider\">\n\t\t\t<span class=\"elementor-divider-separator\">\n\t\t\t\t\t\t<\/span>\n\t\t<\/div>\n\t\t\t\t\t\t<\/div>\n\t\t\t\t<\/div>\n\t\t\t\t<div class=\"elementor-element elementor-element-7fa1baaf elementor-widget elementor-widget-text-editor\" data-id=\"7fa1baaf\" data-element_type=\"widget\" data-e-type=\"widget\" data-widget_type=\"text-editor.default\">\n\t\t\t\t<div class=\"elementor-widget-container\">\n\t\t\t\t\t\t\t\t\t<p>by Yvonne@BlissBreakthroughProcess<\/p>\t\t\t\t\t\t\t\t<\/div>\n\t\t\t\t<\/div>\n\t\t\t\t\t<\/div>\n\t\t<\/div>\n\t\t\t\t\t<\/div>\n\t\t<\/section>\n\t\t\t\t<section class=\"elementor-section elementor-top-section elementor-element elementor-element-c397fbf elementor-section-stretched elementor-section-boxed elementor-section-height-default elementor-section-height-default\" data-id=\"c397fbf\" data-element_type=\"section\" data-e-type=\"section\" data-settings=\"{&quot;stretch_section&quot;:&quot;section-stretched&quot;}\">\n\t\t\t\t\t\t<div class=\"elementor-container elementor-column-gap-default\">\n\t\t\t\t\t<div class=\"elementor-column elementor-col-100 elementor-top-column elementor-element elementor-element-7ce793b\" data-id=\"7ce793b\" data-element_type=\"column\" data-e-type=\"column\">\n\t\t\t<div class=\"elementor-widget-wrap elementor-element-populated\">\n\t\t\t\t\t\t<div class=\"elementor-element elementor-element-ea1bdd9 elementor-grid-3 elementor-grid-tablet-2 elementor-grid-mobile-1 elementor-posts--thumbnail-top elementor-card-shadow-yes elementor-posts__hover-gradient elementor-widget elementor-widget-posts\" data-id=\"ea1bdd9\" data-element_type=\"widget\" data-e-type=\"widget\" data-settings=\"{&quot;pagination_type&quot;:&quot;numbers_and_prev_next&quot;,&quot;cards_columns&quot;:&quot;3&quot;,&quot;cards_columns_tablet&quot;:&quot;2&quot;,&quot;cards_columns_mobile&quot;:&quot;1&quot;,&quot;cards_row_gap&quot;:{&quot;unit&quot;:&quot;px&quot;,&quot;size&quot;:35,&quot;sizes&quot;:[]},&quot;cards_row_gap_tablet&quot;:{&quot;unit&quot;:&quot;px&quot;,&quot;size&quot;:&quot;&quot;,&quot;sizes&quot;:[]},&quot;cards_row_gap_mobile&quot;:{&quot;unit&quot;:&quot;px&quot;,&quot;size&quot;:&quot;&quot;,&quot;sizes&quot;:[]}}\" data-widget_type=\"posts.cards\">\n\t\t\t\t<div class=\"elementor-widget-container\">\n\t\t\t\t\t\t\t<div class=\"elementor-posts-container elementor-posts elementor-posts--skin-cards elementor-grid\" role=\"list\">\n\t\t\t\t<article class=\"elementor-post elementor-grid-item post-1959 post type-post status-publish format-standard has-post-thumbnail hentry category-unkategorisiert entry has-media\" role=\"listitem\">\n\t\t\t<div class=\"elementor-post__card\">\n\t\t\t\t<a class=\"elementor-post__thumbnail__link\" href=\"https:\/\/yvonne-munshi.com\/de\/5-gruende-warum-immer-mehr-menschen-unter-stress-schaedlichen-gewohnheiten-oder-suechten-leiden-und-wie-sie-diese-diskret-ueberwinden-koennen\/\" tabindex=\"-1\" ><div class=\"elementor-post__thumbnail\"><img data-opt-id=1968434320  loading=\"eager\" fetchpriority=\"high\" decoding=\"async\" width=\"640\" height=\"640\" src=\"https:\/\/mlfgzgyndiix.i.optimole.com\/w:auto\/h:auto\/q:mauto\/f:best\/https:\/\/yvonne-munshi.com\/wp-content\/uploads\/2022\/11\/depression-1250870_640.webp\" class=\"attachment-full size-full wp-image-1949\" alt=\"\" srcset=\"https:\/\/mlfgzgyndiix.i.optimole.com\/w:640\/h:640\/q:mauto\/f:best\/https:\/\/yvonne-munshi.com\/wp-content\/uploads\/2022\/11\/depression-1250870_640.webp 640w, https:\/\/mlfgzgyndiix.i.optimole.com\/w:300\/h:300\/q:mauto\/f:best\/https:\/\/yvonne-munshi.com\/wp-content\/uploads\/2022\/11\/depression-1250870_640.webp 300w, https:\/\/mlfgzgyndiix.i.optimole.com\/w:150\/h:150\/q:mauto\/f:best\/https:\/\/yvonne-munshi.com\/wp-content\/uploads\/2022\/11\/depression-1250870_640.webp 150w, https:\/\/mlfgzgyndiix.i.optimole.com\/w:75\/h:75\/q:mauto\/f:best\/dpr:2\/https:\/\/yvonne-munshi.com\/wp-content\/uploads\/2022\/11\/depression-1250870_640.webp 75w, https:\/\/mlfgzgyndiix.i.optimole.com\/w:100\/h:100\/q:mauto\/f:best\/dpr:2\/https:\/\/yvonne-munshi.com\/wp-content\/uploads\/2022\/11\/depression-1250870_640.webp 100w, https:\/\/mlfgzgyndiix.i.optimole.com\/w:600\/h:600\/q:mauto\/f:best\/https:\/\/yvonne-munshi.com\/wp-content\/uploads\/2022\/11\/depression-1250870_640.webp 600w, https:\/\/mlfgzgyndiix.i.optimole.com\/w:16\/h:16\/q:mauto\/f:best\/dpr:2\/https:\/\/yvonne-munshi.com\/wp-content\/uploads\/2022\/11\/depression-1250870_640.webp 16w, https:\/\/mlfgzgyndiix.i.optimole.com\/w:32\/h:32\/q:mauto\/f:best\/dpr:2\/https:\/\/yvonne-munshi.com\/wp-content\/uploads\/2022\/11\/depression-1250870_640.webp 32w, https:\/\/mlfgzgyndiix.i.optimole.com\/w:57\/h:57\/q:mauto\/f:best\/dpr:2\/https:\/\/yvonne-munshi.com\/wp-content\/uploads\/2022\/11\/depression-1250870_640.webp 57w, https:\/\/mlfgzgyndiix.i.optimole.com\/w:60\/h:60\/q:mauto\/f:best\/dpr:2\/https:\/\/yvonne-munshi.com\/wp-content\/uploads\/2022\/11\/depression-1250870_640.webp 60w, https:\/\/mlfgzgyndiix.i.optimole.com\/w:72\/h:72\/q:mauto\/f:best\/dpr:2\/https:\/\/yvonne-munshi.com\/wp-content\/uploads\/2022\/11\/depression-1250870_640.webp 72w, https:\/\/mlfgzgyndiix.i.optimole.com\/w:76\/h:76\/q:mauto\/f:best\/dpr:2\/https:\/\/yvonne-munshi.com\/wp-content\/uploads\/2022\/11\/depression-1250870_640.webp 76w, https:\/\/mlfgzgyndiix.i.optimole.com\/w:114\/h:114\/q:mauto\/f:best\/dpr:2\/https:\/\/yvonne-munshi.com\/wp-content\/uploads\/2022\/11\/depression-1250870_640.webp 114w, https:\/\/mlfgzgyndiix.i.optimole.com\/w:120\/h:120\/q:mauto\/f:best\/dpr:2\/https:\/\/yvonne-munshi.com\/wp-content\/uploads\/2022\/11\/depression-1250870_640.webp 120w, https:\/\/mlfgzgyndiix.i.optimole.com\/w:144\/h:144\/q:mauto\/f:best\/dpr:2\/https:\/\/yvonne-munshi.com\/wp-content\/uploads\/2022\/11\/depression-1250870_640.webp 144w, https:\/\/mlfgzgyndiix.i.optimole.com\/w:152\/h:152\/q:mauto\/f:best\/https:\/\/yvonne-munshi.com\/wp-content\/uploads\/2022\/11\/depression-1250870_640.webp 152w, https:\/\/mlfgzgyndiix.i.optimole.com\/w:180\/h:180\/q:mauto\/f:best\/https:\/\/yvonne-munshi.com\/wp-content\/uploads\/2022\/11\/depression-1250870_640.webp 180w, https:\/\/mlfgzgyndiix.i.optimole.com\/w:192\/h:192\/q:mauto\/f:best\/https:\/\/yvonne-munshi.com\/wp-content\/uploads\/2022\/11\/depression-1250870_640.webp 192w, https:\/\/mlfgzgyndiix.i.optimole.com\/w:96\/h:96\/q:mauto\/f:best\/dpr:2\/https:\/\/yvonne-munshi.com\/wp-content\/uploads\/2022\/11\/depression-1250870_640.webp 96w, https:\/\/mlfgzgyndiix.i.optimole.com\/w:70\/h:70\/q:mauto\/f:best\/dpr:2\/https:\/\/yvonne-munshi.com\/wp-content\/uploads\/2022\/11\/depression-1250870_640.webp 70w, https:\/\/mlfgzgyndiix.i.optimole.com\/w:310\/h:310\/q:mauto\/f:best\/https:\/\/yvonne-munshi.com\/wp-content\/uploads\/2022\/11\/depression-1250870_640.webp 310w, https:\/\/mlfgzgyndiix.i.optimole.com\/w:36\/h:36\/q:mauto\/f:best\/dpr:2\/https:\/\/yvonne-munshi.com\/wp-content\/uploads\/2022\/11\/depression-1250870_640.webp 36w, https:\/\/mlfgzgyndiix.i.optimole.com\/w:48\/h:48\/q:mauto\/f:best\/dpr:2\/https:\/\/yvonne-munshi.com\/wp-content\/uploads\/2022\/11\/depression-1250870_640.webp 48w\" sizes=\"(max-width: 640px) 100vw, 640px\" \/><\/div><\/a>\n\t\t\t\t<div class=\"elementor-post__text\">\n\t\t\t\t<h3 class=\"elementor-post__title\">\n\t\t\t<a href=\"https:\/\/yvonne-munshi.com\/de\/5-gruende-warum-immer-mehr-menschen-unter-stress-schaedlichen-gewohnheiten-oder-suechten-leiden-und-wie-sie-diese-diskret-ueberwinden-koennen\/\" >\n\t\t\t\t5 Gr\u00fcnde, warum immer mehr Menschen unter Stress, sch\u00e4dlichen Gewohnheiten oder S\u00fcchten leiden und wie Sie diese diskret \u00fcberwinden k\u00f6nnen.\t\t\t<\/a>\n\t\t<\/h3>\n\t\t\t\t<div class=\"elementor-post__excerpt\">\n\t\t\t<p>Der Druck unserer Leistungsgesellschaft &#8220;mehr ist nie genug&#8221;. Der Druck der Leistungsgesellschaft und des traditionellen Bildungssystems, verst\u00e4rkt durch Aussagen wie \u201eDu k\u00f6nntest es viel besser<\/p>\n\t\t<\/div>\n\t\t\n\t\t<a class=\"elementor-post__read-more\" href=\"https:\/\/yvonne-munshi.com\/de\/5-gruende-warum-immer-mehr-menschen-unter-stress-schaedlichen-gewohnheiten-oder-suechten-leiden-und-wie-sie-diese-diskret-ueberwinden-koennen\/\" aria-label=\"Mehr \u00fcber 5 Gr\u00fcnde, warum immer mehr Menschen unter Stress, sch\u00e4dlichen Gewohnheiten oder S\u00fcchten leiden und wie Sie diese diskret \u00fcberwinden k\u00f6nnen.\" tabindex=\"-1\" >\n\t\t\tMehr Lesen \u00bb\t\t<\/a>\n\n\t\t\t\t<\/div>\n\t\t\t\t<div class=\"elementor-post__meta-data\">\n\t\t\t\t\t<span class=\"elementor-post-date\">\n\t\t\t5. M\u00e4rz 2025\t\t<\/span>\n\t\t\t\t<span class=\"elementor-post-avatar\">\n\t\t\tKeine Kommentare\t\t<\/span>\n\t\t\t\t<\/div>\n\t\t\t\t\t<\/div>\n\t\t<\/article>\n\t\t\t\t<\/div>\n\t\t\n\t\t\t\t\t\t<\/div>\n\t\t\t\t<\/div>\n\t\t\t\t\t<\/div>\n\t\t<\/div>\n\t\t\t\t\t<\/div>\n\t\t<\/section>\n\t\t\t\t<section class=\"elementor-section elementor-top-section elementor-element elementor-element-5ec2087 elementor-section-stretched elementor-section-boxed elementor-section-height-default elementor-section-height-default\" data-id=\"5ec2087\" data-element_type=\"section\" data-e-type=\"section\" data-settings=\"{&quot;stretch_section&quot;:&quot;section-stretched&quot;,&quot;background_background&quot;:&quot;classic&quot;}\">\n\t\t\t\t\t\t\t<div class=\"elementor-background-overlay\"><\/div>\n\t\t\t\t\t\t\t<div class=\"elementor-container elementor-column-gap-default\">\n\t\t\t\t\t<div class=\"elementor-column elementor-col-100 elementor-top-column elementor-element elementor-element-d18ee01\" data-id=\"d18ee01\" data-element_type=\"column\" data-e-type=\"column\">\n\t\t\t<div class=\"elementor-widget-wrap elementor-element-populated\">\n\t\t\t\t\t\t<div class=\"elementor-element elementor-element-15167f9b elementor-widget elementor-widget-text-editor\" data-id=\"15167f9b\" data-element_type=\"widget\" data-e-type=\"widget\" data-widget_type=\"text-editor.default\">\n\t\t\t\t<div class=\"elementor-widget-container\">\n\t\t\t\t\t\t\t\t\t<p>Today is the day I invite you to join my\u00a0<strong>Facebook group<br \/><\/strong><\/p>\t\t\t\t\t\t\t\t<\/div>\n\t\t\t\t<\/div>\n\t\t\t\t<div class=\"elementor-element elementor-element-1ff5b65e elementor-widget elementor-widget-heading\" data-id=\"1ff5b65e\" data-element_type=\"widget\" data-e-type=\"widget\" data-widget_type=\"heading.default\">\n\t\t\t\t<div class=\"elementor-widget-container\">\n\t\t\t\t\t<h3 class=\"elementor-heading-title elementor-size-default\">From stress and bad habits to BLISS<\/h3>\t\t\t\t<\/div>\n\t\t\t\t<\/div>\n\t\t\t\t<div class=\"elementor-element elementor-element-214e9300 elementor-widget-divider--view-line elementor-widget elementor-widget-divider\" data-id=\"214e9300\" data-element_type=\"widget\" data-e-type=\"widget\" data-widget_type=\"divider.default\">\n\t\t\t\t<div class=\"elementor-widget-container\">\n\t\t\t\t\t\t\t<div class=\"elementor-divider\">\n\t\t\t<span class=\"elementor-divider-separator\">\n\t\t\t\t\t\t<\/span>\n\t\t<\/div>\n\t\t\t\t\t\t<\/div>\n\t\t\t\t<\/div>\n\t\t\t\t<div class=\"elementor-element elementor-element-1da15f32 elementor-widget elementor-widget-text-editor\" data-id=\"1da15f32\" data-element_type=\"widget\" data-e-type=\"widget\" data-widget_type=\"text-editor.default\">\n\t\t\t\t<div class=\"elementor-widget-container\">\n\t\t\t\t\t\t\t\t\t<p>Have harmful habits or negative thinking been holding you back? Here you find the answers you have been looking for: how to gain your personal freedom and discover your Wolf Power.<\/p><p>Find out what the Bliss Breakthrough Process can do for you.<\/p>\t\t\t\t\t\t\t\t<\/div>\n\t\t\t\t<\/div>\n\t\t\t\t<div class=\"elementor-element elementor-element-6b19a896 elementor-align-center elementor-widget elementor-widget-button\" data-id=\"6b19a896\" data-element_type=\"widget\" data-e-type=\"widget\" data-widget_type=\"button.default\">\n\t\t\t\t<div class=\"elementor-widget-container\">\n\t\t\t\t\t\t\t\t\t<div class=\"elementor-button-wrapper\">\n\t\t\t\t\t<a class=\"elementor-button elementor-button-link elementor-size-md\" href=\"https:\/\/www.facebook.com\/groups\/665565974663324\" target=\"_blank\" rel=\"nofollow noopener\">\n\t\t\t\t\t\t<span class=\"elementor-button-content-wrapper\">\n\t\t\t\t\t\t<span class=\"elementor-button-icon\">\n\t\t\t\t<i aria-hidden=\"true\" class=\"fab fa-facebook\"><\/i>\t\t\t<\/span>\n\t\t\t\t\t\t\t\t\t<span class=\"elementor-button-text\">JOIN OUR COMMUNITY NOW!<\/span>\n\t\t\t\t\t<\/span>\n\t\t\t\t\t<\/a>\n\t\t\t\t<\/div>\n\t\t\t\t\t\t\t\t<\/div>\n\t\t\t\t<\/div>\n\t\t\t\t\t<\/div>\n\t\t<\/div>\n\t\t\t\t\t<\/div>\n\t\t<\/section>\n\t\t\t\t<\/div>\n\t\t","protected":false},"excerpt":{"rendered":"<p>The Wolf-Power Blog by Yvonne@BlissBreakthroughProcess Today is the day I invite you to join my\u00a0Facebook group From stress and bad habits to BLISS Have harmful habits or negative thinking been holding you back? Here you find the answers you have been looking for: how to gain your personal freedom and discover your Wolf Power. Find [&hellip;]<\/p>\n","protected":false},"author":2,"featured_media":0,"parent":0,"menu_order":0,"comment_status":"closed","ping_status":"closed","template":"","meta":{"ocean_post_layout":"full-width","ocean_both_sidebars_style":"","ocean_both_sidebars_content_width":0,"ocean_both_sidebars_sidebars_width":0,"ocean_sidebar":"0","ocean_second_sidebar":"0","ocean_disable_margins":"on","ocean_add_body_class":"","ocean_shortcode_before_top_bar":"","ocean_shortcode_after_top_bar":"","ocean_shortcode_before_header":"","ocean_shortcode_after_header":"","ocean_has_shortcode":"","ocean_shortcode_after_title":"","ocean_shortcode_before_footer_widgets":"","ocean_shortcode_after_footer_widgets":"","ocean_shortcode_before_footer_bottom":"","ocean_shortcode_after_footer_bottom":"","ocean_display_top_bar":"default","ocean_display_header":"default","ocean_header_style":"","ocean_center_header_left_menu":"0","ocean_custom_header_template":"0","ocean_custom_logo":0,"ocean_custom_retina_logo":0,"ocean_custom_logo_max_width":0,"ocean_custom_logo_tablet_max_width":0,"ocean_custom_logo_mobile_max_width":0,"ocean_custom_logo_max_height":0,"ocean_custom_logo_tablet_max_height":0,"ocean_custom_logo_mobile_max_height":0,"ocean_header_custom_menu":"0","ocean_menu_typo_font_family":"0","ocean_menu_typo_font_subset":"","ocean_menu_typo_font_size":0,"ocean_menu_typo_font_size_tablet":0,"ocean_menu_typo_font_size_mobile":0,"ocean_menu_typo_font_size_unit":"px","ocean_menu_typo_font_weight":"","ocean_menu_typo_font_weight_tablet":"","ocean_menu_typo_font_weight_mobile":"","ocean_menu_typo_transform":"","ocean_menu_typo_transform_tablet":"","ocean_menu_typo_transform_mobile":"","ocean_menu_typo_line_height":0,"ocean_menu_typo_line_height_tablet":0,"ocean_menu_typo_line_height_mobile":0,"ocean_menu_typo_line_height_unit":"","ocean_menu_typo_spacing":0,"ocean_menu_typo_spacing_tablet":0,"ocean_menu_typo_spacing_mobile":0,"ocean_menu_typo_spacing_unit":"","ocean_menu_link_color":"","ocean_menu_link_color_hover":"","ocean_menu_link_color_active":"","ocean_menu_link_background":"","ocean_menu_link_hover_background":"","ocean_menu_link_active_background":"","ocean_menu_social_links_bg":"","ocean_menu_social_hover_links_bg":"","ocean_menu_social_links_color":"","ocean_menu_social_hover_links_color":"","ocean_disable_title":"on","ocean_disable_heading":"default","ocean_post_title":"","ocean_post_subheading":"","ocean_post_title_style":"","ocean_post_title_background_color":"","ocean_post_title_background":0,"ocean_post_title_bg_image_position":"","ocean_post_title_bg_image_attachment":"","ocean_post_title_bg_image_repeat":"","ocean_post_title_bg_image_size":"","ocean_post_title_height":0,"ocean_post_title_bg_overlay":0.5,"ocean_post_title_bg_overlay_color":"","ocean_disable_breadcrumbs":"default","ocean_breadcrumbs_color":"","ocean_breadcrumbs_separator_color":"","ocean_breadcrumbs_links_color":"","ocean_breadcrumbs_links_hover_color":"","ocean_display_footer_widgets":"default","ocean_display_footer_bottom":"default","ocean_custom_footer_template":"0","footnotes":""},"class_list":["post-1814","page","type-page","status-publish","hentry","entry","has-media"],"_links":{"self":[{"href":"https:\/\/yvonne-munshi.com\/de\/wp-json\/wp\/v2\/pages\/1814","targetHints":{"allow":["GET"]}}],"collection":[{"href":"https:\/\/yvonne-munshi.com\/de\/wp-json\/wp\/v2\/pages"}],"about":[{"href":"https:\/\/yvonne-munshi.com\/de\/wp-json\/wp\/v2\/types\/page"}],"author":[{"embeddable":true,"href":"https:\/\/yvonne-munshi.com\/de\/wp-json\/wp\/v2\/users\/2"}],"replies":[{"embeddable":true,"href":"https:\/\/yvonne-munshi.com\/de\/wp-json\/wp\/v2\/comments?post=1814"}],"version-history":[{"count":4,"href":"https:\/\/yvonne-munshi.com\/de\/wp-json\/wp\/v2\/pages\/1814\/revisions"}],"predecessor-version":[{"id":1869,"href":"https:\/\/yvonne-munshi.com\/de\/wp-json\/wp\/v2\/pages\/1814\/revisions\/1869"}],"wp:attachment":[{"href":"https:\/\/yvonne-munshi.com\/de\/wp-json\/wp\/v2\/media?parent=1814"}],"curies":[{"name":"wp","href":"https:\/\/api.w.org\/{rel}","templated":true}]}}