{"id":1724,"date":"2022-11-13T12:00:21","date_gmt":"2022-11-13T11:00:21","guid":{"rendered":"https:\/\/yvonne-munshi.com\/?page_id=1724"},"modified":"2022-11-13T12:31:12","modified_gmt":"2022-11-13T11:31:12","slug":"terminvereinbarung","status":"publish","type":"page","link":"https:\/\/yvonne-munshi.com\/de\/terminvereinbarung\/","title":{"rendered":"Terminvereinbarung"},"content":{"rendered":"\t\t<div data-elementor-type=\"wp-page\" data-elementor-id=\"1724\" class=\"elementor elementor-1724 elementor-164\" data-elementor-post-type=\"page\">\n\t\t\t\t\t\t<section class=\"elementor-section elementor-top-section elementor-element elementor-element-198aea9 elementor-section-full_width elementor-section-stretched elementor-section-height-default elementor-section-height-default\" data-id=\"198aea9\" data-element_type=\"section\" data-e-type=\"section\" data-settings=\"{&quot;stretch_section&quot;:&quot;section-stretched&quot;,&quot;background_background&quot;:&quot;classic&quot;}\">\n\t\t\t\t\t\t\t<div class=\"elementor-background-overlay\"><\/div>\n\t\t\t\t\t\t\t<div class=\"elementor-container elementor-column-gap-default\">\n\t\t\t\t\t<div class=\"elementor-column elementor-col-50 elementor-top-column elementor-element elementor-element-ff4e944 animated-slow elementor-invisible\" data-id=\"ff4e944\" data-element_type=\"column\" data-e-type=\"column\" data-settings=\"{&quot;animation&quot;:&quot;fadeInLeft&quot;,&quot;background_background&quot;:&quot;classic&quot;}\">\n\t\t\t<div class=\"elementor-widget-wrap elementor-element-populated\">\n\t\t\t\t\t\t<div class=\"elementor-element elementor-element-c625345 elementor-widget elementor-widget-heading\" data-id=\"c625345\" data-element_type=\"widget\" data-e-type=\"widget\" data-widget_type=\"heading.default\">\n\t\t\t\t<div class=\"elementor-widget-container\">\n\t\t\t\t\t<h2 class=\"elementor-heading-title elementor-size-default\">Dein kostenloser Beratungstermin <\/h2>\t\t\t\t<\/div>\n\t\t\t\t<\/div>\n\t\t\t\t<div class=\"elementor-element elementor-element-f452bda elementor-widget-divider--view-line elementor-widget elementor-widget-divider\" data-id=\"f452bda\" data-element_type=\"widget\" data-e-type=\"widget\" data-widget_type=\"divider.default\">\n\t\t\t\t<div class=\"elementor-widget-container\">\n\t\t\t\t\t\t\t<div class=\"elementor-divider\">\n\t\t\t<span class=\"elementor-divider-separator\">\n\t\t\t\t\t\t<\/span>\n\t\t<\/div>\n\t\t\t\t\t\t<\/div>\n\t\t\t\t<\/div>\n\t\t\t\t<div class=\"elementor-element elementor-element-0668a49 elementor-hidden-desktop elementor-widget elementor-widget-image\" data-id=\"0668a49\" data-element_type=\"widget\" data-e-type=\"widget\" data-widget_type=\"image.default\">\n\t\t\t\t<div class=\"elementor-widget-container\">\n\t\t\t\t\t\t\t\t\t\t\t\t\t\t\t<img data-opt-id=1336595493  loading=\"eager\" fetchpriority=\"high\" decoding=\"async\" width=\"1920\" height=\"1080\" src=\"https:\/\/mlfgzgyndiix.i.optimole.com\/w:1920\/h:1080\/q:mauto\/f:best\/https:\/\/yvonne-munshi.com\/wp-content\/uploads\/2022\/03\/yvonne-munshi04.jpg\" class=\"attachment-full size-full wp-image-1188\" alt=\"\" srcset=\"https:\/\/mlfgzgyndiix.i.optimole.com\/w:1920\/h:1080\/q:mauto\/f:best\/https:\/\/yvonne-munshi.com\/wp-content\/uploads\/2022\/03\/yvonne-munshi04.jpg 1920w, https:\/\/mlfgzgyndiix.i.optimole.com\/w:300\/h:169\/q:mauto\/f:best\/https:\/\/yvonne-munshi.com\/wp-content\/uploads\/2022\/03\/yvonne-munshi04.jpg 300w, https:\/\/mlfgzgyndiix.i.optimole.com\/w:1024\/h:576\/q:mauto\/f:best\/https:\/\/yvonne-munshi.com\/wp-content\/uploads\/2022\/03\/yvonne-munshi04.jpg 1024w, https:\/\/mlfgzgyndiix.i.optimole.com\/w:768\/h:432\/q:mauto\/f:best\/https:\/\/yvonne-munshi.com\/wp-content\/uploads\/2022\/03\/yvonne-munshi04.jpg 768w, https:\/\/mlfgzgyndiix.i.optimole.com\/w:1536\/h:864\/q:mauto\/f:best\/https:\/\/yvonne-munshi.com\/wp-content\/uploads\/2022\/03\/yvonne-munshi04.jpg 1536w, https:\/\/mlfgzgyndiix.i.optimole.com\/w:400\/h:225\/q:mauto\/f:best\/https:\/\/yvonne-munshi.com\/wp-content\/uploads\/2022\/03\/yvonne-munshi04.jpg 400w\" sizes=\"(max-width: 1200px) 100vw, 1200px\" \/>\t\t\t\t\t\t\t\t\t\t\t\t\t\t\t<\/div>\n\t\t\t\t<\/div>\n\t\t\t\t<div class=\"elementor-element elementor-element-471cc33 elementor-widget elementor-widget-text-editor\" data-id=\"471cc33\" data-element_type=\"widget\" data-e-type=\"widget\" data-widget_type=\"text-editor.default\">\n\t\t\t\t<div class=\"elementor-widget-container\">\n\t\t\t\t\t\t\t\t\t<p>M\u00f6chtest du endlich die Kontrolle \u00fcber dein Leben zur\u00fcckgewinnen, in die Freiheit gehen und aufbl\u00fchen? Dann nutze jetzt die Gelegenheit und melde dich f\u00fcr eine kostenlose Beratung bei mir an.<\/p>\t\t\t\t\t\t\t\t<\/div>\n\t\t\t\t<\/div>\n\t\t\t\t<div class=\"elementor-element elementor-element-6c29709 elementor-widget elementor-widget-text-editor\" data-id=\"6c29709\" data-element_type=\"widget\" data-e-type=\"widget\" data-widget_type=\"text-editor.default\">\n\t\t\t\t<div class=\"elementor-widget-container\">\n\t\t\t\t\t\t\t\t\t<p>Damit wir in unserem Gespr\u00e4ch richtig miteinander arbeiten k\u00f6nnen, bitte ich dich, den Schnelltest auszuf\u00fcllen. Er dient uns als Grundlage, um deinen aktuellen Zustand zu ermitteln.<\/p>\t\t\t\t\t\t\t\t<\/div>\n\t\t\t\t<\/div>\n\t\t\t\t<div class=\"elementor-element elementor-element-25b34d2 oew-align-left elementor-widget elementor-widget-oew-modal\" data-id=\"25b34d2\" data-element_type=\"widget\" data-e-type=\"widget\" data-widget_type=\"oew-modal.default\">\n\t\t\t\t<div class=\"elementor-widget-container\">\n\t\t\t\t\t\r\n\t\t\t<div class=\"oew-modal-button\">\r\n\t\t\t\t<a href=\"#oew-modal-25b34d2\" class=\"button\">\r\n\t\t\t\t\t\r\n\t\t\t\t\t<span>Ja, ich will wissen, wie man durchbricht! <\/span>\r\n\r\n\t\t\t\t\t\t\t\t\t<\/a>\r\n\t\t\t<\/div>\r\n\r\n\t\t\r\n\t    <div id=\"oew-modal-25b34d2\" class=\"oew-modal-wrap oew-temp-styles has-template\">\r\n\t\t\t\t\t\t<div class=\"oew-modal-container\">\r\n\t\t\t\t<div class=\"oew-modal-inner\">\r\n\t\t\t\t\t\r\n\t\t<button aria-label=\"Close this modal window\" type=\"button\" class=\"oew-modal-close oew-modal-close-inside\">\r\n\t\t\t<svg focusable=\"false\" aria-hidden=\"true\" role=\"img\" width=\"14\" height=\"14\" xmlns=\"http:\/\/www.w3.org\/2000\/svg\" xmlns:xlink=\"http:\/\/www.w3.org\/1999\/xlink\" viewBox=\"0 0 512 512\" xml:space=\"preserve\">\r\n\t\t\t\t<path d=\"M505.943,6.058c-8.077-8.077-21.172-8.077-29.249,0L6.058,476.693c-8.077,8.077-8.077,21.172,0,29.249\r\n\t\t\t\t\tC10.096,509.982,15.39,512,20.683,512c5.293,0,10.586-2.019,14.625-6.059L505.943,35.306\r\n\t\t\t\t\tC514.019,27.23,514.019,14.135,505.943,6.058z\"\/>\r\n\t\t\t\t<path d=\"M505.942,476.694L35.306,6.059c-8.076-8.077-21.172-8.077-29.248,0c-8.077,8.076-8.077,21.171,0,29.248l470.636,470.636\r\n\t\t\t\t\tc4.038,4.039,9.332,6.058,14.625,6.058c5.293,0,10.587-2.019,14.624-6.057C514.018,497.866,514.018,484.771,505.942,476.694z\"\/>\r\n\t\t\t<\/svg>\r\n\t\t<\/button>\r\n\r\n\t\r\n\t\t\t\t\t\t\t<div data-elementor-type=\"page\" data-elementor-id=\"339\" class=\"elementor elementor-339\" data-elementor-post-type=\"elementor_library\">\n\t\t\t\t\t\t<section class=\"elementor-section elementor-top-section elementor-element elementor-element-5720cd57 elementor-section-boxed elementor-section-height-default elementor-section-height-default\" data-id=\"5720cd57\" data-element_type=\"section\" data-e-type=\"section\" data-settings=\"{&quot;background_background&quot;:&quot;classic&quot;}\">\n\t\t\t\t\t\t<div class=\"elementor-container elementor-column-gap-default\">\n\t\t\t\t\t<div class=\"elementor-column elementor-col-50 elementor-top-column elementor-element elementor-element-33b0db8b\" data-id=\"33b0db8b\" data-element_type=\"column\" data-e-type=\"column\" data-settings=\"{&quot;background_background&quot;:&quot;classic&quot;}\">\n\t\t\t<div class=\"elementor-widget-wrap elementor-element-populated\">\n\t\t\t\t\t\t<div class=\"elementor-element elementor-element-38ea4053 elementor-widget elementor-widget-spacer\" data-id=\"38ea4053\" data-element_type=\"widget\" data-e-type=\"widget\" data-widget_type=\"spacer.default\">\n\t\t\t\t<div class=\"elementor-widget-container\">\n\t\t\t\t\t\t\t<div class=\"elementor-spacer\">\n\t\t\t<div class=\"elementor-spacer-inner\"><\/div>\n\t\t<\/div>\n\t\t\t\t\t\t<\/div>\n\t\t\t\t<\/div>\n\t\t\t\t\t<\/div>\n\t\t<\/div>\n\t\t\t\t<div class=\"elementor-column elementor-col-50 elementor-top-column elementor-element elementor-element-75e41388\" data-id=\"75e41388\" data-element_type=\"column\" data-e-type=\"column\" data-settings=\"{&quot;background_background&quot;:&quot;classic&quot;}\">\n\t\t\t<div class=\"elementor-widget-wrap elementor-element-populated\">\n\t\t\t\t\t\t<div class=\"elementor-element elementor-element-48a15b1f elementor-widget elementor-widget-heading\" data-id=\"48a15b1f\" data-element_type=\"widget\" data-e-type=\"widget\" data-widget_type=\"heading.default\">\n\t\t\t\t<div class=\"elementor-widget-container\">\n\t\t\t\t\t<h2 class=\"elementor-heading-title elementor-size-default\">Your free 15 minute appointment<\/h2>\t\t\t\t<\/div>\n\t\t\t\t<\/div>\n\t\t\t\t<div class=\"elementor-element elementor-element-655e0c2e elementor-widget-divider--view-line elementor-widget elementor-widget-divider\" data-id=\"655e0c2e\" data-element_type=\"widget\" data-e-type=\"widget\" data-widget_type=\"divider.default\">\n\t\t\t\t<div class=\"elementor-widget-container\">\n\t\t\t\t\t\t\t<div class=\"elementor-divider\">\n\t\t\t<span class=\"elementor-divider-separator\">\n\t\t\t\t\t\t<\/span>\n\t\t<\/div>\n\t\t\t\t\t\t<\/div>\n\t\t\t\t<\/div>\n\t\t\t\t<div class=\"elementor-element elementor-element-fcb2ca9 elementor-widget elementor-widget-text-editor\" data-id=\"fcb2ca9\" data-element_type=\"widget\" data-e-type=\"widget\" data-widget_type=\"text-editor.default\">\n\t\t\t\t<div class=\"elementor-widget-container\">\n\t\t\t\t\t\t\t\t\t<div class=\"elementor-element elementor-element-6427c7f elementor-widget elementor-widget-text-editor\" data-id=\"6427c7f\" data-element_type=\"widget\" data-widget_type=\"text-editor.default\"><div class=\"elementor-widget-container optml-bg-lazyloaded\"><p>Would you like to know how to rid yourself of bad habits and regain your freedom?<\/p><p><b>Many have already found their liberation and happiness<br \/>through the \u201cBliss Breakthrough Process\u201d.<\/b><\/p><p>Then book a 15 minute free consultation with me now and find out how to enter life strong, self-determined and become fulfilled and successful.\u00a0\u00a0<\/p><\/div><\/div>\t\t\t\t\t\t\t\t<\/div>\n\t\t\t\t<\/div>\n\t\t\t\t<div class=\"elementor-element elementor-element-dc6bed8 elementor-align-center elementor-widget elementor-widget-button\" data-id=\"dc6bed8\" data-element_type=\"widget\" data-e-type=\"widget\" data-widget_type=\"button.default\">\n\t\t\t\t<div class=\"elementor-widget-container\">\n\t\t\t\t\t\t\t\t\t<div class=\"elementor-button-wrapper\">\n\t\t\t\t\t<a class=\"elementor-button elementor-button-link elementor-size-sm\" href=\"https:\/\/yvonne-munshi.youcanbook.me\/\" target=\"_blank\" rel=\"noopener\">\n\t\t\t\t\t\t<span class=\"elementor-button-content-wrapper\">\n\t\t\t\t\t\t\t\t\t<span class=\"elementor-button-text\">Book a free 15 minute appointment now<\/span>\n\t\t\t\t\t<\/span>\n\t\t\t\t\t<\/a>\n\t\t\t\t<\/div>\n\t\t\t\t\t\t\t\t<\/div>\n\t\t\t\t<\/div>\n\t\t\t\t\t<\/div>\n\t\t<\/div>\n\t\t\t\t\t<\/div>\n\t\t<\/section>\n\t\t\t\t<section class=\"elementor-section elementor-top-section elementor-element elementor-element-80efb5b elementor-section-boxed elementor-section-height-default elementor-section-height-default\" data-id=\"80efb5b\" data-element_type=\"section\" data-e-type=\"section\">\n\t\t\t\t\t\t<div class=\"elementor-container elementor-column-gap-default\">\n\t\t\t\t\t<div class=\"elementor-column elementor-col-100 elementor-top-column elementor-element elementor-element-07ccca7\" data-id=\"07ccca7\" data-element_type=\"column\" data-e-type=\"column\">\n\t\t\t<div class=\"elementor-widget-wrap\">\n\t\t\t\t\t\t\t<\/div>\n\t\t<\/div>\n\t\t\t\t\t<\/div>\n\t\t<\/section>\n\t\t\t\t<\/div>\n\t\t\t\t\t\t<\/div>\r\n\t\t\t<\/div>\r\n\t\t\t<div class=\"oew-modal-overlay\"><\/div>\r\n\t\t<\/div>\r\n\r\n\t    \r\n\t\t\t\t\t<\/div>\n\t\t\t\t<\/div>\n\t\t\t\t<div class=\"elementor-element elementor-element-01bf325 elementor-widget-divider--view-line elementor-widget elementor-widget-divider\" data-id=\"01bf325\" data-element_type=\"widget\" data-e-type=\"widget\" data-widget_type=\"divider.default\">\n\t\t\t\t<div class=\"elementor-widget-container\">\n\t\t\t\t\t\t\t<div class=\"elementor-divider\">\n\t\t\t<span class=\"elementor-divider-separator\">\n\t\t\t\t\t\t<\/span>\n\t\t<\/div>\n\t\t\t\t\t\t<\/div>\n\t\t\t\t<\/div>\n\t\t\t\t<div class=\"elementor-element elementor-element-8beed87 elementor-widget elementor-widget-html\" data-id=\"8beed87\" data-element_type=\"widget\" data-e-type=\"widget\" data-widget_type=\"html.default\">\n\t\t\t\t<div class=\"elementor-widget-container\">\n\t\t\t\t\t<iframe src=\"https:\/\/yvonne-munshi.youcanbook.me\/?noframe=true&skipHeaderFooter=true\" id=\"ycbmiframeyvonne-munshi\" style=\"width:100%;height:1000px;border:0px;background-color:transparent;\" frameborder=\"0\" allowtransparency=\"true\"><\/iframe><script>window.addEventListener && window.addEventListener(\"message\", function(event){if (event.origin === \"https:\/\/yvonne-munshi.youcanbook.me\"){document.getElementById(\"ycbmiframeyvonne-munshi\").style.height = event.data + \"px\";}}, false);<\/script>\t\t\t\t<\/div>\n\t\t\t\t<\/div>\n\t\t\t\t\t<\/div>\n\t\t<\/div>\n\t\t\t\t<div class=\"elementor-column elementor-col-50 elementor-top-column elementor-element elementor-element-e2ff20a\" data-id=\"e2ff20a\" data-element_type=\"column\" data-e-type=\"column\">\n\t\t\t<div class=\"elementor-widget-wrap\">\n\t\t\t\t\t\t\t<\/div>\n\t\t<\/div>\n\t\t\t\t\t<\/div>\n\t\t<\/section>\n\t\t\t\t<\/div>\n\t\t","protected":false},"excerpt":{"rendered":"<p>Dein kostenloser Beratungstermin M\u00f6chtest du endlich die Kontrolle \u00fcber dein Leben zur\u00fcckgewinnen, in die Freiheit gehen und aufbl\u00fchen? Dann nutze jetzt die Gelegenheit und melde dich f\u00fcr eine kostenlose Beratung bei mir an. Damit wir in unserem Gespr\u00e4ch richtig miteinander arbeiten k\u00f6nnen, bitte ich dich, den Schnelltest auszuf\u00fcllen. Er dient uns als Grundlage, um deinen [&hellip;]<\/p>\n","protected":false},"author":2,"featured_media":1185,"parent":0,"menu_order":0,"comment_status":"closed","ping_status":"closed","template":"","meta":{"ocean_post_layout":"full-width","ocean_both_sidebars_style":"","ocean_both_sidebars_content_width":0,"ocean_both_sidebars_sidebars_width":0,"ocean_sidebar":"0","ocean_second_sidebar":"0","ocean_disable_margins":"on","ocean_add_body_class":"","ocean_shortcode_before_top_bar":"","ocean_shortcode_after_top_bar":"","ocean_shortcode_before_header":"","ocean_shortcode_after_header":"","ocean_has_shortcode":"","ocean_shortcode_after_title":"","ocean_shortcode_before_footer_widgets":"","ocean_shortcode_after_footer_widgets":"","ocean_shortcode_before_footer_bottom":"","ocean_shortcode_after_footer_bottom":"","ocean_display_top_bar":"default","ocean_display_header":"default","ocean_header_style":"","ocean_center_header_left_menu":"0","ocean_custom_header_template":"0","ocean_custom_logo":0,"ocean_custom_retina_logo":0,"ocean_custom_logo_max_width":0,"ocean_custom_logo_tablet_max_width":0,"ocean_custom_logo_mobile_max_width":0,"ocean_custom_logo_max_height":0,"ocean_custom_logo_tablet_max_height":0,"ocean_custom_logo_mobile_max_height":0,"ocean_header_custom_menu":"0","ocean_menu_typo_font_family":"0","ocean_menu_typo_font_subset":"","ocean_menu_typo_font_size":0,"ocean_menu_typo_font_size_tablet":0,"ocean_menu_typo_font_size_mobile":0,"ocean_menu_typo_font_size_unit":"px","ocean_menu_typo_font_weight":"","ocean_menu_typo_font_weight_tablet":"","ocean_menu_typo_font_weight_mobile":"","ocean_menu_typo_transform":"","ocean_menu_typo_transform_tablet":"","ocean_menu_typo_transform_mobile":"","ocean_menu_typo_line_height":0,"ocean_menu_typo_line_height_tablet":0,"ocean_menu_typo_line_height_mobile":0,"ocean_menu_typo_line_height_unit":"","ocean_menu_typo_spacing":0,"ocean_menu_typo_spacing_tablet":0,"ocean_menu_typo_spacing_mobile":0,"ocean_menu_typo_spacing_unit":"","ocean_menu_link_color":"","ocean_menu_link_color_hover":"","ocean_menu_link_color_active":"","ocean_menu_link_background":"","ocean_menu_link_hover_background":"","ocean_menu_link_active_background":"","ocean_menu_social_links_bg":"","ocean_menu_social_hover_links_bg":"","ocean_menu_social_links_color":"","ocean_menu_social_hover_links_color":"","ocean_disable_title":"on","ocean_disable_heading":"default","ocean_post_title":"","ocean_post_subheading":"","ocean_post_title_style":"","ocean_post_title_background_color":"","ocean_post_title_background":0,"ocean_post_title_bg_image_position":"","ocean_post_title_bg_image_attachment":"","ocean_post_title_bg_image_repeat":"","ocean_post_title_bg_image_size":"","ocean_post_title_height":0,"ocean_post_title_bg_overlay":0.5,"ocean_post_title_bg_overlay_color":"","ocean_disable_breadcrumbs":"default","ocean_breadcrumbs_color":"","ocean_breadcrumbs_separator_color":"","ocean_breadcrumbs_links_color":"","ocean_breadcrumbs_links_hover_color":"","ocean_display_footer_widgets":"default","ocean_display_footer_bottom":"default","ocean_custom_footer_template":"0","footnotes":""},"class_list":["post-1724","page","type-page","status-publish","has-post-thumbnail","hentry","entry","has-media"],"_links":{"self":[{"href":"https:\/\/yvonne-munshi.com\/de\/wp-json\/wp\/v2\/pages\/1724","targetHints":{"allow":["GET"]}}],"collection":[{"href":"https:\/\/yvonne-munshi.com\/de\/wp-json\/wp\/v2\/pages"}],"about":[{"href":"https:\/\/yvonne-munshi.com\/de\/wp-json\/wp\/v2\/types\/page"}],"author":[{"embeddable":true,"href":"https:\/\/yvonne-munshi.com\/de\/wp-json\/wp\/v2\/users\/2"}],"replies":[{"embeddable":true,"href":"https:\/\/yvonne-munshi.com\/de\/wp-json\/wp\/v2\/comments?post=1724"}],"version-history":[{"count":11,"href":"https:\/\/yvonne-munshi.com\/de\/wp-json\/wp\/v2\/pages\/1724\/revisions"}],"predecessor-version":[{"id":1913,"href":"https:\/\/yvonne-munshi.com\/de\/wp-json\/wp\/v2\/pages\/1724\/revisions\/1913"}],"wp:featuredmedia":[{"embeddable":true,"href":"https:\/\/yvonne-munshi.com\/de\/wp-json\/wp\/v2\/media\/1185"}],"wp:attachment":[{"href":"https:\/\/yvonne-munshi.com\/de\/wp-json\/wp\/v2\/media?parent=1724"}],"curies":[{"name":"wp","href":"https:\/\/api.w.org\/{rel}","templated":true}]}}